{"id":2208,"date":"2017-11-03T18:48:09","date_gmt":"2017-11-03T17:48:09","guid":{"rendered":"https:\/\/ciastel.nutritect.com\/condizioni-generali\/"},"modified":"2024-02-06T21:14:17","modified_gmt":"2024-02-06T20:14:17","slug":"condizioni-generali","status":"publish","type":"page","link":"https:\/\/ciastel.it\/it\/condizioni-generali\/","title":{"rendered":"Condizioni Generali"},"content":{"rendered":"<p><div class=\"fusion-fullwidth fullwidth-box fusion-builder-row-1 nonhundred-percent-fullwidth non-hundred-percent-height-scrolling\" style=\"--awb-border-radius-top-left:0px;--awb-border-radius-top-right:0px;--awb-border-radius-bottom-right:0px;--awb-border-radius-bottom-left:0px;--awb-flex-wrap:wrap;\" ><div class=\"fusion-builder-row fusion-row\"><div class=\"fusion-layout-column fusion_builder_column fusion-builder-column-0 fusion_builder_column_1_1 1_1 fusion-one-full fusion-column-first fusion-column-last\" style=\"--awb-bg-blend:overlay;--awb-bg-size:cover;--awb-margin-bottom:0px;\"><div class=\"fusion-column-wrapper fusion-flex-column-wrapper-legacy\"><div class=\"fusion-text fusion-text-1\"><p>Condizioni generali<\/p>\n<p>Gli appartamenti sono disponibili dalle 14:00 del giorno di arrivo e devono essere liberati entro le 10:00 del giorno di partenza.<br \/>I prezzi di una prenotazione si riferiscono sempre al numero di persone, vale a dire: per le persone aggiuntive applichiamo un supplemento. Vi preghiamo di contattarci per sapere di cosa si tratta.<br \/>I prezzi indicati sono soggetti a una tassa di soggiorno* di 3,20 \u20ac a persona (a partire dai 14 anni) al giorno.<br \/>Le prenotazioni sono vincolanti solo se viene versata la caparra richiesta.<br \/>In caso di arrivo posticipato o partenza anticipata, l&#8217;appartamento verr\u00e0 addebitato per il periodo prenotato.<br \/>Per ogni cane \u00e8 previsto un supplemento di 8-16 \u20ac\/giorno.<br \/>Noleggio del nostro set per la sauna: 6\u20ac a persona.<br \/>Siamo lieti di cambiare gli asciugamani pi\u00f9 spesso di una volta a settimana, per questo addebitiamo un supplemento di 4\u20ac a persona per cambio.<br \/>Per il check-in dopo le 23:00 verr\u00e0 addebitato un supplemento di 39\u20ac.<br \/>Condizioni di cancellazione<\/p>\n<p>La prenotazione pu\u00f2 essere cancellata fino a 30 giorni prima della data di arrivo senza pagare una penale. Verr\u00e0 trattenuta solo la caparra.<\/p>\n<p>In caso di cancellazione da parte dell&#8217;ospite tra il 30\u00b0 giorno prima della data di arrivo concordata e la data di arrivo stessa, l&#8217;ospite \u00e8 tenuto a pagare le seguenti spese di cancellazione:<\/p>\n<p>Cancellazione fino a 8 giorni prima del giorno di arrivo: 60% del prezzo totale concordato.<br \/>Cancellazione a meno di 8 giorni dal giorno di arrivo: 100 % del prezzo totale concordato.<\/p>\n<p>Vi chiediamo di comprendere che, in caso di mancata presentazione, vi addebiteremo il 100% del soggiorno oltre alla caparra.<\/p>\n<p>soggiorno oltre alla caparra.<\/p>\n<p>Vi preghiamo di informarci per tempo se non potete iniziare la vostra vacanza.<\/p>\n<\/div><div class=\"fusion-clearfix\"><\/div><\/div><\/div><\/div><\/div><div class=\"fusion-fullwidth fullwidth-box fusion-builder-row-2 nonhundred-percent-fullwidth non-hundred-percent-height-scrolling\" style=\"--awb-border-radius-top-left:0px;--awb-border-radius-top-right:0px;--awb-border-radius-bottom-right:0px;--awb-border-radius-bottom-left:0px;--awb-flex-wrap:wrap;\" ><div class=\"fusion-builder-row fusion-row\"><div class=\"fusion-layout-column fusion_builder_column fusion-builder-column-1 fusion_builder_column_1_1 1_1 fusion-one-full fusion-column-first fusion-column-last\" style=\"--awb-bg-blend:overlay;--awb-bg-size:cover;--awb-margin-bottom:0px;\"><div class=\"fusion-column-wrapper fusion-flex-column-wrapper-legacy\"><div class=\"fusion-title title fusion-title-1 fusion-title-text fusion-title-size-one\"><h1 class=\"fusion-title-heading title-heading-left fusion-responsive-typography-calculated\" style=\"margin:0;--fontSize:46;line-height:1.11;\">Pubblicazione dei contributi\/sovvenzioni ricevuti nel 2021<\/h1><span class=\"awb-title-spacer\"><\/span><div class=\"title-sep-container\"><div class=\"title-sep sep-single sep-solid\" style=\"border-color:#e0dede;\"><\/div><\/div><\/div><div class=\"fusion-title title fusion-title-2 fusion-title-text fusion-title-size-one\"><h1 class=\"fusion-title-heading title-heading-left fusion-responsive-typography-calculated\" style=\"margin:0;--fontSize:46;line-height:1.11;\"><h3>Innerkofler Margareth<\/h3><\/h1><span class=\"awb-title-spacer\"><\/span><div class=\"title-sep-container\"><div class=\"title-sep sep-single sep-solid\" style=\"border-color:#e0dede;\"><\/div><\/div><\/div><div class=\"fusion-text fusion-text-2\"><table style=\"background-color: #ffffff; color: var(--body_typography-color); font-family: var(--body_typography-font-family); font-size: var(--body_typography-font-size); font-style: var(--body_typography-font-style,normal); letter-spacing: var(--body_typography-letter-spacing);\" width=\"0\" data-mce-style=\"background-color: #ffffff; color: var(--body_typography-color); font-family: var(--body_typography-font-family); font-size: var(--body_typography-font-size); font-style: var(--body_typography-font-style,normal); letter-spacing: var(--body_typography-letter-spacing);\" class=\"mce-item-table\">\n<tbody>\n<tr>\n<td width=\"339\"><strong>Beschreibung<\/strong><\/td>\n<td width=\"233\"><strong>Bestimmung<\/strong><\/td>\n<td width=\"233\"><strong>Auszahlende K\u00f6rperschaft<\/strong><\/td>\n<td width=\"107\"><strong>Betrag (in Euro)<\/strong><\/td>\n<td width=\"107\"><strong>Datum<\/strong><\/td>\n<\/tr>\n<tr>\n<td width=\"339\">Beitr\u00e4ge Provinz BZ (COVID-19)<\/td>\n<td width=\"233\"><\/td>\n<td width=\"233\"><\/td>\n<td width=\"107\"><\/td>\n<td width=\"107\"><\/td>\n<\/tr>\n<tr>\n<td width=\"339\">Verlustbeitrag Provinz BZ (Landwirtschaft)<\/td>\n<td width=\"233\">&#8211;<\/td>\n<td width=\"233\">Provinz Bozen<\/td>\n<td width=\"107\">5.000,00<\/td>\n<td width=\"107\">17.06.2021<\/td>\n<\/tr>\n<tr>\n<td width=\"339\">Beitr\u00e4ge AdE (COVID-19) &#8211; Quadro RS<\/td>\n<td width=\"233\"><\/td>\n<td width=\"233\"><\/td>\n<td width=\"107\"><\/td>\n<td width=\"107\"><\/td>\n<\/tr>\n<tr>\n<td width=\"339\">Verlustbeitrag AdE<\/td>\n<td width=\"233\">Art. 1, Abs. 5-15, DL 73\/2021<\/td>\n<td width=\"233\">Agentur der Einnahmen<\/td>\n<td width=\"107\">6.551,00<\/td>\n<td width=\"107\">21.09.2021<\/td>\n<\/tr>\n<\/tbody>\n<\/table>\n<div>\n<p>Link f\u00fcr RNA-Register:<\/p>\n<div>\n<p><a href=\"https:\/\/www.rna.gov.it\/RegistroNazionaleTrasparenza\/faces\/pages\/TrasparenzaAiuto.jspx\" data-mce-href=\"https:\/\/www.rna.gov.it\/RegistroNazionaleTrasparenza\/faces\/pages\/TrasparenzaAiuto.jspx\">https:\/\/www.rna.gov.it\/RegistroNazionaleTrasparenza\/faces\/pages\/TrasparenzaAiuto.jspx<\/a><\/p>\n<p><a href=\"http:\/\/www.provinz.bz.it\/de\/transparente-verwaltung\/veroeffentlichung-des-verzeichnisses-der-empfaenger.asp\" data-mce-href=\"http:\/\/www.provinz.bz.it\/de\/transparente-verwaltung\/veroeffentlichung-des-verzeichnisses-der-empfaenger.asp\">http:\/\/www.provinz.bz.it\/de\/transparente-verwaltung\/veroeffentlichung-des-verzeichnisses-der-empfaenger.asp<\/a><\/p>\n<p><a href=\"http:\/\/www.provinz.bz.it\/de\/transparente-verwaltung\/gewaehrungsakte.asp\" data-mce-href=\"http:\/\/www.provinz.bz.it\/de\/transparente-verwaltung\/gewaehrungsakte.asp\">http:\/\/www.provinz.bz.it\/de\/transparente-verwaltung\/gewaehrungsakte.asp<\/a><\/p>\n<p><a href=\"http:\/\/www.provinz.bz.it\/politik-recht-aussenbeziehungen\/recht\/dekrete.asp\" data-mce-href=\"http:\/\/www.provinz.bz.it\/politik-recht-aussenbeziehungen\/recht\/dekrete.asp\">http:\/\/www.provinz.bz.it\/politik-recht-aussenbeziehungen\/recht\/dekrete.asp<\/a><\/p>\n<p>Handelskammer Bozen<\/p>\n<p><a href=\"https:\/\/www.handelskammer.bz.it\/de\/transparente-verwaltung\/subventionen-beitr\u00e4ge-zusch\u00fcsse-wirtschaftliche-verg\u00fcnstigungen\/beitragsvergaben\" data-mce-href=\"https:\/\/www.handelskammer.bz.it\/de\/transparente-verwaltung\/subventionen-beitr\u00e4ge-zusch\u00fcsse-wirtschaftliche-verg\u00fcnstigungen\/beitragsvergaben\">https:\/\/www.handelskammer.bz.it\/de\/transparente-verwaltung\/subventionen-beitr\u00e4ge-zusch\u00fcsse-wirtschaftliche-verg\u00fcnstigungen\/beitragsvergaben<\/a><\/p>\n<p style=\"font-weight: 400;\" data-mce-style=\"font-weight: 400;\">\n<\/div>\n<\/div>\n<\/div><div class=\"fusion-title title fusion-title-3 fusion-title-text fusion-title-size-one\"><h1 class=\"fusion-title-heading title-heading-left fusion-responsive-typography-calculated\" style=\"margin:0;--fontSize:46;line-height:1.11;\"><h3 style=\"text-align: center;\" data-mce-style=\"text-align: center;\">Baumgartner Michael<\/h3><\/h1><span class=\"awb-title-spacer\"><\/span><div class=\"title-sep-container\"><div class=\"title-sep sep-single sep-solid\" style=\"border-color:#e0dede;\"><\/div><\/div><\/div><div class=\"fusion-text fusion-text-3\"><p style=\"font-weight: 400;\" data-mce-style=\"font-weight: 400;\"><u>Link f\u00fcr <\/u>RNA<u>-Register:<\/u><\/p>\n<p style=\"font-weight: 400;\" data-mce-style=\"font-weight: 400;\"><a href=\"https:\/\/www.rna.gov.it\/RegistroNazionaleTrasparenza\/faces\/pages\/TrasparenzaAiuto.jspx\" data-saferedirecturl=\"https:\/\/www.google.com\/url?q=https:\/\/www.rna.gov.it\/RegistroNazionaleTrasparenza\/faces\/pages\/TrasparenzaAiuto.jspx&amp;source=gmail&amp;ust=1661026911090000&amp;usg=AOvVaw2RDOB-2yG7WfQtisKenHk1\" data-mce-href=\"https:\/\/www.rna.gov.it\/RegistroNazionaleTrasparenza\/faces\/pages\/TrasparenzaAiuto.jspx\">https:\/\/www.rna.gov.it\/RegistroNazionaleTrasparenza\/faces\/pages\/TrasparenzaAiuto.jspx<\/a><\/p>\n<p style=\"font-weight: 400;\" data-mce-style=\"font-weight: 400;\"><u>Link der Provinz bzgl. erhaltene Beitr\u00e4ge<\/u><\/p>\n<p style=\"font-weight: 400;\" data-mce-style=\"font-weight: 400;\"><a href=\"http:\/\/www.provinz.bz.it\/de\/transparente-verwaltung\/veroeffentlichung-des-verzeichnisses-der-empfaenger.asp\" data-saferedirecturl=\"https:\/\/www.google.com\/url?q=http:\/\/www.provinz.bz.it\/de\/transparente-verwaltung\/veroeffentlichung-des-verzeichnisses-der-empfaenger.asp&amp;source=gmail&amp;ust=1661026911090000&amp;usg=AOvVaw0OgHtjxTOf35VynrBUsxmO\" data-mce-href=\"http:\/\/www.provinz.bz.it\/de\/transparente-verwaltung\/veroeffentlichung-des-verzeichnisses-der-empfaenger.asp\">http:\/\/www.provinz.bz.it\/de\/transparente-verwaltung\/veroeffentlichung-des-verzeichnisses-der-empfaenger.asp<\/a><\/p>\n<p style=\"font-weight: 400;\" data-mce-style=\"font-weight: 400;\"><a href=\"http:\/\/www.provinz.bz.it\/de\/transparente-verwaltung\/gewaehrungsakte.asp\" data-saferedirecturl=\"https:\/\/www.google.com\/url?q=http:\/\/www.provinz.bz.it\/de\/transparente-verwaltung\/gewaehrungsakte.asp&amp;source=gmail&amp;ust=1661026911090000&amp;usg=AOvVaw13J9KNLYSXEnaASj11OcLQ\" data-mce-href=\"http:\/\/www.provinz.bz.it\/de\/transparente-verwaltung\/gewaehrungsakte.asp\">http:\/\/www.provinz.bz.it\/de\/transparente-verwaltung\/gewaehrungsakte.asp<\/a><\/p>\n<p style=\"font-weight: 400;\" data-mce-style=\"font-weight: 400;\"><a href=\"http:\/\/www.provinz.bz.it\/politik-recht-aussenbeziehungen\/recht\/dekrete.asp\" data-saferedirecturl=\"https:\/\/www.google.com\/url?q=http:\/\/www.provinz.bz.it\/politik-recht-aussenbeziehungen\/recht\/dekrete.asp&amp;source=gmail&amp;ust=1661026911090000&amp;usg=AOvVaw3HKvoaLFzz5wnKczYVabEj\" data-mce-href=\"http:\/\/www.provinz.bz.it\/politik-recht-aussenbeziehungen\/recht\/dekrete.asp\">http:\/\/www.provinz.bz.it\/politik-recht-aussenbeziehungen\/recht\/dekrete.asp<\/a><\/p>\n<p style=\"font-weight: 400;\" data-mce-style=\"font-weight: 400;\"><u>Handelskammer Bozen<\/u><\/p>\n<p style=\"font-weight: 400;\" data-mce-style=\"font-weight: 400;\"><a href=\"https:\/\/www.handelskammer.bz.it\/de\/transparente-verwaltung\/subventionen-beitr%C3%A4ge-zusch%C3%BCsse-wirtschaftliche-verg%C3%BCnstigungen\/beitragsvergaben\" data-saferedirecturl=\"https:\/\/www.google.com\/url?q=https:\/\/www.handelskammer.bz.it\/de\/transparente-verwaltung\/subventionen-beitr%C3%A4ge-zusch%C3%BCsse-wirtschaftliche-verg%C3%BCnstigungen\/beitragsvergaben&amp;source=gmail&amp;ust=1661026911090000&amp;usg=AOvVaw2_uf5Fac6W0853qaTB1vZe\" data-mce-href=\"https:\/\/www.handelskammer.bz.it\/de\/transparente-verwaltung\/subventionen-beitr%C3%A4ge-zusch%C3%BCsse-wirtschaftliche-verg%C3%BCnstigungen\/beitragsvergaben\">https:\/\/www.handelskammer.bz.it\/de\/transparente-verwaltung\/subventionen-beitr\u00e4ge-zusch\u00fcsse-wirtschaftliche-verg\u00fcnstigungen\/beitragsvergaben<\/a><\/p>\n<\/div><div class=\"fusion-clearfix\"><\/div><\/div><\/div><\/div><\/div><\/p>\n","protected":false},"excerpt":{"rendered":"","protected":false},"author":1,"featured_media":0,"parent":0,"menu_order":0,"comment_status":"closed","ping_status":"closed","template":"","meta":{"footnotes":""},"class_list":["post-2208","page","type-page","status-publish","hentry"],"yoast_head":"<!-- This site is optimized with the Yoast SEO plugin v27.5 - https:\/\/yoast.com\/product\/yoast-seo-wordpress\/ -->\n<title>Condizioni Generali - Ciastel<\/title>\n<meta name=\"robots\" content=\"noindex, nofollow\" \/>\n<meta property=\"og:locale\" content=\"it_IT\" \/>\n<meta property=\"og:type\" content=\"article\" \/>\n<meta property=\"og:title\" content=\"Condizioni Generali - Ciastel\" \/>\n<meta property=\"og:url\" content=\"https:\/\/ciastel.it\/agb\/\" \/>\n<meta property=\"og:site_name\" content=\"Ciastel\" \/>\n<meta property=\"article:publisher\" content=\"https:\/\/www.facebook.com\/ciastel.it\/\" \/>\n<meta property=\"article:modified_time\" content=\"2024-02-06T20:14:17+00:00\" \/>\n<meta property=\"og:image\" content=\"https:\/\/ciastel.it\/wp-content\/uploads\/2017\/11\/Ciastel-Terrasse-1.jpg\" \/>\n\t<meta property=\"og:image:width\" content=\"2000\" \/>\n\t<meta property=\"og:image:height\" content=\"1420\" \/>\n\t<meta property=\"og:image:type\" content=\"image\/jpeg\" \/>\n<meta name=\"twitter:card\" content=\"summary_large_image\" \/>\n<meta name=\"twitter:label1\" content=\"Tempo di lettura stimato\" \/>\n\t<meta name=\"twitter:data1\" content=\"5 minuti\" \/>\n<script type=\"application\/ld+json\" class=\"yoast-schema-graph\">{\"@context\":\"https:\\\/\\\/schema.org\",\"@graph\":[{\"@type\":\"WebPage\",\"@id\":\"https:\\\/\\\/ciastel.it\\\/agb\\\/\",\"url\":\"https:\\\/\\\/ciastel.it\\\/agb\\\/\",\"name\":\"Condizioni Generali - Ciastel\",\"isPartOf\":{\"@id\":\"https:\\\/\\\/ciastel.it\\\/#website\"},\"datePublished\":\"2017-11-03T17:48:09+00:00\",\"dateModified\":\"2024-02-06T20:14:17+00:00\",\"breadcrumb\":{\"@id\":\"https:\\\/\\\/ciastel.it\\\/agb\\\/#breadcrumb\"},\"inLanguage\":\"it-IT\",\"potentialAction\":[{\"@type\":\"ReadAction\",\"target\":[\"https:\\\/\\\/ciastel.it\\\/agb\\\/\"]}]},{\"@type\":\"BreadcrumbList\",\"@id\":\"https:\\\/\\\/ciastel.it\\\/agb\\\/#breadcrumb\",\"itemListElement\":[{\"@type\":\"ListItem\",\"position\":1,\"name\":\"Startseite\",\"item\":\"https:\\\/\\\/ciastel.it\\\/it\\\/\"},{\"@type\":\"ListItem\",\"position\":2,\"name\":\"Condizioni Generali\"}]},{\"@type\":\"WebSite\",\"@id\":\"https:\\\/\\\/ciastel.it\\\/#website\",\"url\":\"https:\\\/\\\/ciastel.it\\\/\",\"name\":\"Ciastel\",\"description\":\"\",\"potentialAction\":[{\"@type\":\"SearchAction\",\"target\":{\"@type\":\"EntryPoint\",\"urlTemplate\":\"https:\\\/\\\/ciastel.it\\\/?s={search_term_string}\"},\"query-input\":{\"@type\":\"PropertyValueSpecification\",\"valueRequired\":true,\"valueName\":\"search_term_string\"}}],\"inLanguage\":\"it-IT\"}]}<\/script>\n<!-- \/ Yoast SEO plugin. -->","yoast_head_json":{"title":"Condizioni Generali - Ciastel","robots":{"index":"noindex","follow":"nofollow"},"og_locale":"it_IT","og_type":"article","og_title":"Condizioni Generali - Ciastel","og_url":"https:\/\/ciastel.it\/agb\/","og_site_name":"Ciastel","article_publisher":"https:\/\/www.facebook.com\/ciastel.it\/","article_modified_time":"2024-02-06T20:14:17+00:00","og_image":[{"width":2000,"height":1420,"url":"https:\/\/ciastel.it\/wp-content\/uploads\/2017\/11\/Ciastel-Terrasse-1.jpg","type":"image\/jpeg"}],"twitter_card":"summary_large_image","twitter_misc":{"Tempo di lettura stimato":"5 minuti"},"schema":{"@context":"https:\/\/schema.org","@graph":[{"@type":"WebPage","@id":"https:\/\/ciastel.it\/agb\/","url":"https:\/\/ciastel.it\/agb\/","name":"Condizioni Generali - Ciastel","isPartOf":{"@id":"https:\/\/ciastel.it\/#website"},"datePublished":"2017-11-03T17:48:09+00:00","dateModified":"2024-02-06T20:14:17+00:00","breadcrumb":{"@id":"https:\/\/ciastel.it\/agb\/#breadcrumb"},"inLanguage":"it-IT","potentialAction":[{"@type":"ReadAction","target":["https:\/\/ciastel.it\/agb\/"]}]},{"@type":"BreadcrumbList","@id":"https:\/\/ciastel.it\/agb\/#breadcrumb","itemListElement":[{"@type":"ListItem","position":1,"name":"Startseite","item":"https:\/\/ciastel.it\/it\/"},{"@type":"ListItem","position":2,"name":"Condizioni Generali"}]},{"@type":"WebSite","@id":"https:\/\/ciastel.it\/#website","url":"https:\/\/ciastel.it\/","name":"Ciastel","description":"","potentialAction":[{"@type":"SearchAction","target":{"@type":"EntryPoint","urlTemplate":"https:\/\/ciastel.it\/?s={search_term_string}"},"query-input":{"@type":"PropertyValueSpecification","valueRequired":true,"valueName":"search_term_string"}}],"inLanguage":"it-IT"}]}},"_links":{"self":[{"href":"https:\/\/ciastel.it\/it\/wp-json\/wp\/v2\/pages\/2208","targetHints":{"allow":["GET"]}}],"collection":[{"href":"https:\/\/ciastel.it\/it\/wp-json\/wp\/v2\/pages"}],"about":[{"href":"https:\/\/ciastel.it\/it\/wp-json\/wp\/v2\/types\/page"}],"author":[{"embeddable":true,"href":"https:\/\/ciastel.it\/it\/wp-json\/wp\/v2\/users\/1"}],"replies":[{"embeddable":true,"href":"https:\/\/ciastel.it\/it\/wp-json\/wp\/v2\/comments?post=2208"}],"version-history":[{"count":7,"href":"https:\/\/ciastel.it\/it\/wp-json\/wp\/v2\/pages\/2208\/revisions"}],"predecessor-version":[{"id":7024,"href":"https:\/\/ciastel.it\/it\/wp-json\/wp\/v2\/pages\/2208\/revisions\/7024"}],"wp:attachment":[{"href":"https:\/\/ciastel.it\/it\/wp-json\/wp\/v2\/media?parent=2208"}],"curies":[{"name":"wp","href":"https:\/\/api.w.org\/{rel}","templated":true}]}}