{"id":2207,"date":"2017-11-03T18:47:24","date_gmt":"2017-11-03T17:47:24","guid":{"rendered":"https:\/\/ciastel.nutritect.com\/terms-and-conditions\/"},"modified":"2024-02-06T21:11:59","modified_gmt":"2024-02-06T20:11:59","slug":"terms-and-conditions","status":"publish","type":"page","link":"https:\/\/ciastel.it\/en\/terms-and-conditions\/","title":{"rendered":"Terms and Conditions"},"content":{"rendered":"<p><div class=\"fusion-fullwidth fullwidth-box fusion-builder-row-1 nonhundred-percent-fullwidth non-hundred-percent-height-scrolling\" style=\"--awb-border-radius-top-left:0px;--awb-border-radius-top-right:0px;--awb-border-radius-bottom-right:0px;--awb-border-radius-bottom-left:0px;--awb-flex-wrap:wrap;\" ><div class=\"fusion-builder-row fusion-row\"><div class=\"fusion-layout-column fusion_builder_column fusion-builder-column-0 fusion_builder_column_1_1 1_1 fusion-one-full fusion-column-first fusion-column-last\" style=\"--awb-bg-blend:overlay;--awb-bg-size:cover;--awb-margin-bottom:0px;\"><div class=\"fusion-column-wrapper fusion-flex-column-wrapper-legacy\"><div class=\"fusion-text fusion-text-1\"><h4><i>General conditions<\/i><\/h4>\n<ul>\n<li>The apartments are available from 2 pm of the arrival day, and must be left within 10 am of the departure day.<\/li>\n<li>The prices of a booking always refer to the number of persons, which means: for additional persons we charge a surcharge. Please contact us to find out more.<\/li>\n<li>The indicated prices exclude the &#8220;tourist tax*&#8221; of \u00a0\u20ac 3,20 per person (14 years and older) and per day.<\/li>\n<li>Bookings are only binding if the required down payment is made.<\/li>\n<li>In case of late arrival or early departure, the apartment will be charged for the booked period.<\/li>\n<li>Per dog is charged an extra charge of 8-16 \u20ac per day.<\/li>\n<li>Rental fee for our sauna set: 5 \u20ac per person<\/li>\n<li>We are happy to change the towels more often than once a week, but we charge a surcharge of 6 \u20ac per person and per change.<\/li>\n<li>For a check-in after 23:00 will be charged \u20ac 39<\/li>\n<\/ul>\n<h4>Cancellation policy<\/h4>\n<p>No later than 30 days before the arrival date, the reservation can be canceled without paying a cancellation fee. Only the deposit will be retained.<\/p>\n<p>For cancellations made by the guest in the period between the 30th day before the agreed day of arrival and the day of arrival itself, the guest is obliged to pay the following cancellation fees:<\/p>\n<ul>\n<li>Cancellation no later than 8 days before the arrival date: 60% of the agreed total price<\/li>\n<li>Cancellation less than 8 days before arrival: 100% of the agreed total price.<\/li>\n<\/ul>\n<p>We ask for your understanding that in case of no-appearance we will charge 100% of the stay in addition to the deposit.<\/p>\n<p>Please inform us in time if you can not start your holiday.<\/p>\n<\/div><div class=\"fusion-clearfix\"><\/div><\/div><\/div><\/div><\/div><div class=\"fusion-fullwidth fullwidth-box fusion-builder-row-2 nonhundred-percent-fullwidth non-hundred-percent-height-scrolling\" style=\"--awb-border-radius-top-left:0px;--awb-border-radius-top-right:0px;--awb-border-radius-bottom-right:0px;--awb-border-radius-bottom-left:0px;--awb-flex-wrap:wrap;\" ><div class=\"fusion-builder-row fusion-row\"><div class=\"fusion-layout-column fusion_builder_column fusion-builder-column-1 fusion_builder_column_1_1 1_1 fusion-one-full fusion-column-first fusion-column-last\" style=\"--awb-bg-blend:overlay;--awb-bg-size:cover;--awb-margin-bottom:0px;\"><div class=\"fusion-column-wrapper fusion-flex-column-wrapper-legacy\"><div class=\"fusion-title title fusion-title-1 fusion-title-text fusion-title-size-one\"><h1 class=\"fusion-title-heading title-heading-left fusion-responsive-typography-calculated\" style=\"margin:0;--fontSize:46;line-height:1.11;\">Publication of contributions\/grants received in 2021<\/h1><span class=\"awb-title-spacer\"><\/span><div class=\"title-sep-container\"><div class=\"title-sep sep-single sep-solid\" style=\"border-color:#e0dede;\"><\/div><\/div><\/div><div class=\"fusion-title title fusion-title-2 fusion-title-text fusion-title-size-one\"><h1 class=\"fusion-title-heading title-heading-left fusion-responsive-typography-calculated\" style=\"margin:0;--fontSize:46;line-height:1.11;\"><h3>Innerkofler Margareth<\/h3><\/h1><span class=\"awb-title-spacer\"><\/span><div class=\"title-sep-container\"><div class=\"title-sep sep-single sep-solid\" style=\"border-color:#e0dede;\"><\/div><\/div><\/div><div class=\"fusion-text fusion-text-2\"><table style=\"background-color: #ffffff; color: var(--body_typography-color); font-family: var(--body_typography-font-family); font-size: var(--body_typography-font-size); font-style: var(--body_typography-font-style,normal); letter-spacing: var(--body_typography-letter-spacing);\" width=\"0\">\n<tbody>\n<tr>\n<td width=\"339\"><strong>Beschreibung<\/strong><\/td>\n<td width=\"233\"><strong>Bestimmung<\/strong><\/td>\n<td width=\"233\"><strong>Auszahlende K\u00f6rperschaft<\/strong><\/td>\n<td width=\"107\"><strong>Betrag (in Euro)<\/strong><\/td>\n<td width=\"107\"><strong>Datum<\/strong><\/td>\n<\/tr>\n<tr>\n<td width=\"339\">Beitr\u00e4ge Provinz BZ (COVID-19)<\/td>\n<td width=\"233\"><\/td>\n<td width=\"233\"><\/td>\n<td width=\"107\"><\/td>\n<td width=\"107\"><\/td>\n<\/tr>\n<tr>\n<td width=\"339\">Verlustbeitrag Provinz BZ (Landwirtschaft)<\/td>\n<td width=\"233\">&#8211;<\/td>\n<td width=\"233\">Provinz Bozen<\/td>\n<td width=\"107\">5.000,00<\/td>\n<td width=\"107\">17.06.2021<\/td>\n<\/tr>\n<tr>\n<td width=\"339\">Beitr\u00e4ge AdE (COVID-19) &#8211; Quadro RS<\/td>\n<td width=\"233\"><\/td>\n<td width=\"233\"><\/td>\n<td width=\"107\"><\/td>\n<td width=\"107\"><\/td>\n<\/tr>\n<tr>\n<td width=\"339\">Verlustbeitrag AdE<\/td>\n<td width=\"233\">Art. 1, Abs. 5-15, DL 73\/2021<\/td>\n<td width=\"233\">Agentur der Einnahmen<\/td>\n<td width=\"107\">6.551,00<\/td>\n<td width=\"107\">21.09.2021<\/td>\n<\/tr>\n<\/tbody>\n<\/table>\n<div>\n<p>Link f\u00fcr RNA-Register:<\/p>\n<div>\n<p><a href=\"https:\/\/www.rna.gov.it\/RegistroNazionaleTrasparenza\/faces\/pages\/TrasparenzaAiuto.jspx\">https:\/\/www.rna.gov.it\/RegistroNazionaleTrasparenza\/faces\/pages\/TrasparenzaAiuto.jspx<\/a><\/p>\n<p><a href=\"http:\/\/www.provinz.bz.it\/de\/transparente-verwaltung\/veroeffentlichung-des-verzeichnisses-der-empfaenger.asp\">http:\/\/www.provinz.bz.it\/de\/transparente-verwaltung\/veroeffentlichung-des-verzeichnisses-der-empfaenger.asp<\/a><\/p>\n<p><a href=\"http:\/\/www.provinz.bz.it\/de\/transparente-verwaltung\/gewaehrungsakte.asp\">http:\/\/www.provinz.bz.it\/de\/transparente-verwaltung\/gewaehrungsakte.asp<\/a><\/p>\n<p><a href=\"http:\/\/www.provinz.bz.it\/politik-recht-aussenbeziehungen\/recht\/dekrete.asp\">http:\/\/www.provinz.bz.it\/politik-recht-aussenbeziehungen\/recht\/dekrete.asp<\/a><\/p>\n<p>Handelskammer Bozen<\/p>\n<p><a href=\"https:\/\/www.handelskammer.bz.it\/de\/transparente-verwaltung\/subventionen-beitr\u00e4ge-zusch\u00fcsse-wirtschaftliche-verg\u00fcnstigungen\/beitragsvergaben\">https:\/\/www.handelskammer.bz.it\/de\/transparente-verwaltung\/subventionen-beitr\u00e4ge-zusch\u00fcsse-wirtschaftliche-verg\u00fcnstigungen\/beitragsvergaben<\/a><\/p>\n<p style=\"font-weight: 400;\">\n<\/div>\n<\/div>\n<\/div><div class=\"fusion-title title fusion-title-3 fusion-title-text fusion-title-size-one\"><h1 class=\"fusion-title-heading title-heading-left fusion-responsive-typography-calculated\" style=\"margin:0;--fontSize:46;line-height:1.11;\"><h3 style=\"text-align: center;\">Baumgartner Michael<\/h3><\/h1><span class=\"awb-title-spacer\"><\/span><div class=\"title-sep-container\"><div class=\"title-sep sep-single sep-solid\" style=\"border-color:#e0dede;\"><\/div><\/div><\/div><div class=\"fusion-text fusion-text-3\"><p style=\"font-weight: 400;\"><u>Link f\u00fcr <\/u>RNA<u>-Register:<\/u><\/p>\n<p style=\"font-weight: 400;\"><a href=\"https:\/\/www.rna.gov.it\/RegistroNazionaleTrasparenza\/faces\/pages\/TrasparenzaAiuto.jspx\" data-saferedirecturl=\"https:\/\/www.google.com\/url?q=https:\/\/www.rna.gov.it\/RegistroNazionaleTrasparenza\/faces\/pages\/TrasparenzaAiuto.jspx&amp;source=gmail&amp;ust=1661026911090000&amp;usg=AOvVaw2RDOB-2yG7WfQtisKenHk1\">https:\/\/www.rna.gov.it\/RegistroNazionaleTrasparenza\/faces\/pages\/TrasparenzaAiuto.jspx<\/a><\/p>\n<p style=\"font-weight: 400;\"><u>Link der Provinz bzgl. erhaltene Beitr\u00e4ge<\/u><\/p>\n<p style=\"font-weight: 400;\"><a href=\"http:\/\/www.provinz.bz.it\/de\/transparente-verwaltung\/veroeffentlichung-des-verzeichnisses-der-empfaenger.asp\" data-saferedirecturl=\"https:\/\/www.google.com\/url?q=http:\/\/www.provinz.bz.it\/de\/transparente-verwaltung\/veroeffentlichung-des-verzeichnisses-der-empfaenger.asp&amp;source=gmail&amp;ust=1661026911090000&amp;usg=AOvVaw0OgHtjxTOf35VynrBUsxmO\">http:\/\/www.provinz.bz.it\/de\/transparente-verwaltung\/veroeffentlichung-des-verzeichnisses-der-empfaenger.asp<\/a><\/p>\n<p style=\"font-weight: 400;\"><a href=\"http:\/\/www.provinz.bz.it\/de\/transparente-verwaltung\/gewaehrungsakte.asp\" data-saferedirecturl=\"https:\/\/www.google.com\/url?q=http:\/\/www.provinz.bz.it\/de\/transparente-verwaltung\/gewaehrungsakte.asp&amp;source=gmail&amp;ust=1661026911090000&amp;usg=AOvVaw13J9KNLYSXEnaASj11OcLQ\">http:\/\/www.provinz.bz.it\/de\/transparente-verwaltung\/gewaehrungsakte.asp<\/a><\/p>\n<p style=\"font-weight: 400;\"><a href=\"http:\/\/www.provinz.bz.it\/politik-recht-aussenbeziehungen\/recht\/dekrete.asp\" data-saferedirecturl=\"https:\/\/www.google.com\/url?q=http:\/\/www.provinz.bz.it\/politik-recht-aussenbeziehungen\/recht\/dekrete.asp&amp;source=gmail&amp;ust=1661026911090000&amp;usg=AOvVaw3HKvoaLFzz5wnKczYVabEj\">http:\/\/www.provinz.bz.it\/politik-recht-aussenbeziehungen\/recht\/dekrete.asp<\/a><\/p>\n<p style=\"font-weight: 400;\"><u>Handelskammer Bozen<\/u><\/p>\n<p style=\"font-weight: 400;\"><a href=\"https:\/\/www.handelskammer.bz.it\/de\/transparente-verwaltung\/subventionen-beitr%C3%A4ge-zusch%C3%BCsse-wirtschaftliche-verg%C3%BCnstigungen\/beitragsvergaben\" data-saferedirecturl=\"https:\/\/www.google.com\/url?q=https:\/\/www.handelskammer.bz.it\/de\/transparente-verwaltung\/subventionen-beitr%C3%A4ge-zusch%C3%BCsse-wirtschaftliche-verg%C3%BCnstigungen\/beitragsvergaben&amp;source=gmail&amp;ust=1661026911090000&amp;usg=AOvVaw2_uf5Fac6W0853qaTB1vZe\">https:\/\/www.handelskammer.bz.it\/de\/transparente-verwaltung\/subventionen-beitr\u00e4ge-zusch\u00fcsse-wirtschaftliche-verg\u00fcnstigungen\/beitragsvergaben<\/a><\/p>\n<\/div><div class=\"fusion-clearfix\"><\/div><\/div><\/div><\/div><\/div><\/p>\n","protected":false},"excerpt":{"rendered":"","protected":false},"author":1,"featured_media":0,"parent":0,"menu_order":0,"comment_status":"closed","ping_status":"closed","template":"","meta":{"footnotes":""},"class_list":["post-2207","page","type-page","status-publish","hentry"],"yoast_head":"<!-- This site is optimized with the Yoast SEO plugin v27.3 - https:\/\/yoast.com\/product\/yoast-seo-wordpress\/ -->\n<title>Terms and Conditions - Ciastel<\/title>\n<meta name=\"robots\" content=\"noindex, nofollow\" \/>\n<meta property=\"og:locale\" content=\"en_US\" \/>\n<meta property=\"og:type\" content=\"article\" \/>\n<meta property=\"og:title\" content=\"Terms and Conditions - Ciastel\" \/>\n<meta property=\"og:url\" content=\"https:\/\/ciastel.it\/agb\/\" \/>\n<meta property=\"og:site_name\" content=\"Ciastel\" \/>\n<meta property=\"article:publisher\" content=\"https:\/\/www.facebook.com\/ciastel.it\/\" \/>\n<meta property=\"article:modified_time\" content=\"2024-02-06T20:11:59+00:00\" \/>\n<meta property=\"og:image\" content=\"https:\/\/ciastel.it\/wp-content\/uploads\/2017\/11\/Ciastel-Terrasse-1.jpg\" \/>\n\t<meta property=\"og:image:width\" content=\"2000\" \/>\n\t<meta property=\"og:image:height\" content=\"1420\" \/>\n\t<meta property=\"og:image:type\" content=\"image\/jpeg\" \/>\n<meta name=\"twitter:card\" content=\"summary_large_image\" \/>\n<meta name=\"twitter:label1\" content=\"Est. reading time\" \/>\n\t<meta name=\"twitter:data1\" content=\"5 minutes\" \/>\n<script type=\"application\/ld+json\" class=\"yoast-schema-graph\">{\"@context\":\"https:\\\/\\\/schema.org\",\"@graph\":[{\"@type\":\"WebPage\",\"@id\":\"https:\\\/\\\/ciastel.it\\\/agb\\\/\",\"url\":\"https:\\\/\\\/ciastel.it\\\/agb\\\/\",\"name\":\"Terms and Conditions - Ciastel\",\"isPartOf\":{\"@id\":\"https:\\\/\\\/ciastel.it\\\/#website\"},\"datePublished\":\"2017-11-03T17:47:24+00:00\",\"dateModified\":\"2024-02-06T20:11:59+00:00\",\"breadcrumb\":{\"@id\":\"https:\\\/\\\/ciastel.it\\\/agb\\\/#breadcrumb\"},\"inLanguage\":\"en-US\",\"potentialAction\":[{\"@type\":\"ReadAction\",\"target\":[\"https:\\\/\\\/ciastel.it\\\/agb\\\/\"]}]},{\"@type\":\"BreadcrumbList\",\"@id\":\"https:\\\/\\\/ciastel.it\\\/agb\\\/#breadcrumb\",\"itemListElement\":[{\"@type\":\"ListItem\",\"position\":1,\"name\":\"Startseite\",\"item\":\"https:\\\/\\\/ciastel.it\\\/en\\\/\"},{\"@type\":\"ListItem\",\"position\":2,\"name\":\"Terms and Conditions\"}]},{\"@type\":\"WebSite\",\"@id\":\"https:\\\/\\\/ciastel.it\\\/#website\",\"url\":\"https:\\\/\\\/ciastel.it\\\/\",\"name\":\"Ciastel\",\"description\":\"\",\"potentialAction\":[{\"@type\":\"SearchAction\",\"target\":{\"@type\":\"EntryPoint\",\"urlTemplate\":\"https:\\\/\\\/ciastel.it\\\/?s={search_term_string}\"},\"query-input\":{\"@type\":\"PropertyValueSpecification\",\"valueRequired\":true,\"valueName\":\"search_term_string\"}}],\"inLanguage\":\"en-US\"}]}<\/script>\n<!-- \/ Yoast SEO plugin. -->","yoast_head_json":{"title":"Terms and Conditions - Ciastel","robots":{"index":"noindex","follow":"nofollow"},"og_locale":"en_US","og_type":"article","og_title":"Terms and Conditions - Ciastel","og_url":"https:\/\/ciastel.it\/agb\/","og_site_name":"Ciastel","article_publisher":"https:\/\/www.facebook.com\/ciastel.it\/","article_modified_time":"2024-02-06T20:11:59+00:00","og_image":[{"width":2000,"height":1420,"url":"https:\/\/ciastel.it\/wp-content\/uploads\/2017\/11\/Ciastel-Terrasse-1.jpg","type":"image\/jpeg"}],"twitter_card":"summary_large_image","twitter_misc":{"Est. reading time":"5 minutes"},"schema":{"@context":"https:\/\/schema.org","@graph":[{"@type":"WebPage","@id":"https:\/\/ciastel.it\/agb\/","url":"https:\/\/ciastel.it\/agb\/","name":"Terms and Conditions - Ciastel","isPartOf":{"@id":"https:\/\/ciastel.it\/#website"},"datePublished":"2017-11-03T17:47:24+00:00","dateModified":"2024-02-06T20:11:59+00:00","breadcrumb":{"@id":"https:\/\/ciastel.it\/agb\/#breadcrumb"},"inLanguage":"en-US","potentialAction":[{"@type":"ReadAction","target":["https:\/\/ciastel.it\/agb\/"]}]},{"@type":"BreadcrumbList","@id":"https:\/\/ciastel.it\/agb\/#breadcrumb","itemListElement":[{"@type":"ListItem","position":1,"name":"Startseite","item":"https:\/\/ciastel.it\/en\/"},{"@type":"ListItem","position":2,"name":"Terms and Conditions"}]},{"@type":"WebSite","@id":"https:\/\/ciastel.it\/#website","url":"https:\/\/ciastel.it\/","name":"Ciastel","description":"","potentialAction":[{"@type":"SearchAction","target":{"@type":"EntryPoint","urlTemplate":"https:\/\/ciastel.it\/?s={search_term_string}"},"query-input":{"@type":"PropertyValueSpecification","valueRequired":true,"valueName":"search_term_string"}}],"inLanguage":"en-US"}]}},"_links":{"self":[{"href":"https:\/\/ciastel.it\/en\/wp-json\/wp\/v2\/pages\/2207","targetHints":{"allow":["GET"]}}],"collection":[{"href":"https:\/\/ciastel.it\/en\/wp-json\/wp\/v2\/pages"}],"about":[{"href":"https:\/\/ciastel.it\/en\/wp-json\/wp\/v2\/types\/page"}],"author":[{"embeddable":true,"href":"https:\/\/ciastel.it\/en\/wp-json\/wp\/v2\/users\/1"}],"replies":[{"embeddable":true,"href":"https:\/\/ciastel.it\/en\/wp-json\/wp\/v2\/comments?post=2207"}],"version-history":[{"count":11,"href":"https:\/\/ciastel.it\/en\/wp-json\/wp\/v2\/pages\/2207\/revisions"}],"predecessor-version":[{"id":7019,"href":"https:\/\/ciastel.it\/en\/wp-json\/wp\/v2\/pages\/2207\/revisions\/7019"}],"wp:attachment":[{"href":"https:\/\/ciastel.it\/en\/wp-json\/wp\/v2\/media?parent=2207"}],"curies":[{"name":"wp","href":"https:\/\/api.w.org\/{rel}","templated":true}]}}